{"id":8,"date":"2024-01-10T15:53:44","date_gmt":"2024-01-10T15:53:44","guid":{"rendered":"http:\/\/rainbow.sejler.nu\/?page_id=8"},"modified":"2024-09-10T19:37:47","modified_gmt":"2024-09-10T19:37:47","slug":"homepage","status":"publish","type":"page","link":"https:\/\/rainbow.sejler.nu\/","title":{"rendered":"Homepage"},"content":{"rendered":"\n<div class=\"wp-block-cover alignfull\" style=\"border-style:none;border-width:0px;border-radius:0px;margin-top:0px;margin-bottom:0px;padding-top:0;padding-bottom:0;min-height:100vh\"><span aria-hidden=\"true\" class=\"wp-block-cover__background has-background-dim\"><\/span><video class=\"wp-block-cover__video-background intrinsic-ignore\" autoplay muted loop playsinline src=\"https:\/\/rainbow.sejler.nu\/wp-content\/uploads\/2024\/01\/rainbowtest.mp4\" style=\"object-position:51% 89%\" data-object-fit=\"cover\" data-object-position=\"51% 89%\"><\/video><div class=\"wp-block-cover__inner-container has-global-padding is-layout-constrained wp-container-core-cover-layout-1 wp-block-cover-is-layout-constrained\">\n<p class=\"has-text-align-center has-white-color has-text-color has-max-60-font-size\" style=\"font-style:normal;font-weight:900;line-height:1.2\"><strong>Sailing with Rainbow<\/strong><\/p>\n\n\n\n<p class=\"has-text-align-center has-white-color has-text-color has-medium-font-size\">F\u00f8lg os, familien Tullin Erichsen, p\u00e5 vores tur rundt.<\/p>\n\n\n\n<div style=\"height:55px\" aria-hidden=\"true\" class=\"wp-block-spacer\"><\/div>\n\n\n\n<div class=\"wp-block-buttons is-content-justification-center is-layout-flex wp-container-core-buttons-layout-1 wp-block-buttons-is-layout-flex\">\n<div class=\"wp-block-button is-style-outline\"><a class=\"wp-block-button__link has-white-color has-text-color wp-element-button\" href=\"https:\/\/rainbow.sejler.nu\/?page_id=11\" style=\"border-radius:0px\">Blog posts<\/a><\/div>\n\n\n\n<div class=\"wp-block-button is-style-outline\"><a class=\"wp-block-button__link has-white-color has-text-color wp-element-button\" href=\"https:\/\/rainbow.sejler.nu\/?page_id=412\" style=\"border-radius:0px\">Fotos<\/a><\/div>\n<\/div>\n<\/div><\/div>\n\n\n\n<div class=\"wp-block-group has-global-padding is-layout-constrained wp-block-group-is-layout-constrained\">\n<div style=\"height:57px\" aria-hidden=\"true\" class=\"wp-block-spacer\"><\/div>\n\n\n<ul class=\"wp-block-latest-posts__list has-dates wp-block-latest-posts\"><li><a class=\"wp-block-latest-posts__post-title\" href=\"https:\/\/rainbow.sejler.nu\/?p=1158\">Sri Lanka &#8211; Maldiverne &#8211; Djibouti<\/a><time datetime=\"2026-03-09T05:00:10+00:00\" class=\"wp-block-latest-posts__post-date\">March 9, 2026<\/time><div class=\"wp-block-latest-posts__post-excerpt\">Et ordentligt ryk mod vest Sri Lanka var ikke en destination vi havde overvejet hjemmefra. For at v\u00e6re helt \u00e6rlige s\u00e5 var alt efter Marquesas en smule uklart for os inden vi tog afsted. Vi havde studeret Jimmy Cornells b\u00f8ger (aka: langturssejlerbiblen) og lavet en overordnet plan, men pr\u00e6cis hvilke steder vi ville bes\u00f8ge &hellip; <p class=\"link-more\"><a href=\"https:\/\/rainbow.sejler.nu\/?p=1158\" class=\"more-link\">Read more<span class=\"screen-reader-text\"> &#8220;Sri Lanka &#8211; Maldiverne &#8211; Djibouti&#8221;<\/span><\/a><\/p><\/div><\/li>\n<\/ul>\n\n\n<div style=\"height:57px\" aria-hidden=\"true\" class=\"wp-block-spacer\"><\/div>\n<\/div>\n\n\n\n<div class=\"wp-block-group alignfull pattern_multiple_covers has-background has-global-padding is-layout-constrained wp-block-group-is-layout-constrained\" id=\"services\" style=\"background-color:#f8f8f8\">\n<div style=\"height:84px\" aria-hidden=\"true\" class=\"wp-block-spacer\"><\/div>\n\n\n<div id=\"wpgmza_map_1\" class=\"wpgmza_map wpgmza-auto-left\" style=\"display:block;width:100%;height:400px;overflow:hidden;position:relative;\" data-map-id=\"1\" data-maps-engine=\"open-layers\" data-build-engine=\"atlas-novus\" data-shortcode-attributes=\"{&quot;id&quot;:&quot;1&quot;,&quot;zoom&quot;:false,&quot;width&quot;:false,&quot;height&quot;:false,&quot;marker&quot;:false,&quot;classname&quot;:false}\" data-settings=\"{&quot;map_title&quot;:&quot;Rainbow positioner&quot;,&quot;map_width&quot;:&quot;100&quot;,&quot;map_height&quot;:&quot;400&quot;,&quot;map_start_lat&quot;:&quot;30.585135837883627&quot;,&quot;map_start_lng&quot;:&quot;32.28154122072475&quot;,&quot;map_start_location&quot;:&quot;45.950464398418106,-109.81550500000003&quot;,&quot;map_start_zoom&quot;:&quot;10&quot;,&quot;default_marker&quot;:&quot;&quot;,&quot;type&quot;:&quot;0&quot;,&quot;alignment&quot;:&quot;4&quot;,&quot;directions_enabled&quot;:&quot;0&quot;,&quot;styling_enabled&quot;:&quot;0&quot;,&quot;styling_json&quot;:&quot;&quot;,&quot;active&quot;:&quot;0&quot;,&quot;kml&quot;:&quot;&quot;,&quot;bicycle&quot;:&quot;0&quot;,&quot;traffic&quot;:&quot;0&quot;,&quot;dbox&quot;:&quot;0&quot;,&quot;dbox_width&quot;:&quot;&quot;,&quot;listmarkers&quot;:&quot;0&quot;,&quot;listmarkers_advanced&quot;:&quot;0&quot;,&quot;filterbycat&quot;:&quot;0&quot;,&quot;ugm_enabled&quot;:&quot;0&quot;,&quot;ugm_category_enabled&quot;:&quot;0&quot;,&quot;fusion&quot;:&quot;&quot;,&quot;map_width_type&quot;:&quot;%&quot;,&quot;map_height_type&quot;:&quot;px&quot;,&quot;mass_marker_support&quot;:&quot;0&quot;,&quot;ugm_access&quot;:&quot;0&quot;,&quot;order_markers_by&quot;:&quot;0&quot;,&quot;order_markers_choice&quot;:&quot;0&quot;,&quot;show_user_location&quot;:&quot;0&quot;,&quot;default_to&quot;:&quot;&quot;,&quot;map_type&quot;:1,&quot;sl_stroke_color&quot;:&quot;&quot;,&quot;sl_fill_color&quot;:&quot;&quot;,&quot;sl_stroke_opacity&quot;:&quot;&quot;,&quot;sl_fill_opacity&quot;:&quot;&quot;,&quot;transport_layer&quot;:false,&quot;action&quot;:&quot;wpgmza_save_map&quot;,&quot;redirect_to&quot;:&quot;\\\/wp-admin\\\/admin-post.php&quot;,&quot;map_id&quot;:&quot;1&quot;,&quot;wpgmza_savemap&quot;:&quot;Save Map&quot;,&quot;http_referer&quot;:&quot;\\\/wp-admin\\\/admin.php?page=wp-google-maps-menu&amp;amp;action=edit&amp;amp;map_id=1&quot;,&quot;wpgmza_id&quot;:&quot;1&quot;,&quot;wpgmza_start_location&quot;:&quot;30.585135837883627,32.28154122072475&quot;,&quot;wpgmza_start_zoom&quot;:&quot;10&quot;,&quot;wpgmza_map_align&quot;:&quot;1&quot;,&quot;store_locator_enabled&quot;:false,&quot;store_locator_distance&quot;:false,&quot;store_locator_search_area&quot;:&quot;radial&quot;,&quot;wpgmza_store_locator_default_radius&quot;:&quot;10&quot;,&quot;store_locator_auto_area_max_zoom&quot;:&quot;&quot;,&quot;wpgmza_store_locator_radius_style&quot;:&quot;modern&quot;,&quot;store_locator_component_anchor&quot;:&quot;0&quot;,&quot;wpgmza_store_locator_bounce&quot;:false,&quot;wpgmza_sl_animation&quot;:null,&quot;store_locator_query_string&quot;:&quot;&quot;,&quot;store_locator_location_placeholder&quot;:&quot;&quot;,&quot;store_locator_default_address&quot;:&quot;&quot;,&quot;store_locator_name_search&quot;:false,&quot;store_locator_name_string&quot;:&quot;&quot;,&quot;store_locator_not_found_message&quot;:&quot;&quot;,&quot;store_locator_show_distance&quot;:false,&quot;store_locator_category&quot;:false,&quot;wpgmza_store_locator_use_their_location&quot;:false,&quot;wpgmza_store_locator_hide_before_search&quot;:false,&quot;store_locator_nearby_searches&quot;:false,&quot;wpgmza_ol_tile_filter&quot;:&quot;grayscale(100%)&quot;,&quot;wpgmza_theme_data&quot;:&quot;&quot;,&quot;custom_tile_enabled&quot;:false,&quot;custom_tile_image&quot;:&quot;&quot;,&quot;custom_tile_image_width&quot;:&quot;&quot;,&quot;custom_tile_image_height&quot;:&quot;&quot;,&quot;custom_tile_image_attribution&quot;:&quot;&quot;,&quot;iw_primary_color&quot;:&quot;#000000&quot;,&quot;iw_accent_color&quot;:&quot;#000000&quot;,&quot;iw_text_color&quot;:&quot;#000000&quot;,&quot;close_infowindow_on_map_click&quot;:false,&quot;marker_share_links&quot;:false,&quot;wpgmza_listmarkers_by&quot;:&quot;0&quot;,&quot;marker_listing_component_anchor&quot;:null,&quot;marker_listing_component_auto_open&quot;:false,&quot;dataTable_pagination_style&quot;:null,&quot;category_filter_component_anchor&quot;:null,&quot;zoom_level_on_marker_listing_override&quot;:false,&quot;zoom_level_on_marker_listing_click&quot;:&quot;&quot;,&quot;marker_listing_disable_zoom&quot;:false,&quot;datatable_no_result_message&quot;:&quot;&quot;,&quot;remove_search_box_datables&quot;:false,&quot;datatable_search_string&quot;:&quot;&quot;,&quot;datatable_result_start&quot;:&quot;&quot;,&quot;datatable_result_of&quot;:&quot;&quot;,&quot;datatable_result_to&quot;:&quot;&quot;,&quot;datatable_result_total&quot;:&quot;&quot;,&quot;datatable_result_show&quot;:&quot;&quot;,&quot;datatable_result_entries&quot;:&quot;&quot;,&quot;category_legends_enabled&quot;:false,&quot;category_legends_component_anchor&quot;:null,&quot;jump_to_nearest_marker_on_initialization&quot;:false,&quot;click_open_link&quot;:false,&quot;wpgmza_zoom_on_marker_click&quot;:false,&quot;wpgmza_zoom_on_marker_click_slider&quot;:&quot;&quot;,&quot;polygon_labels&quot;:false,&quot;disable_polygon_info_windows&quot;:false,&quot;fit_maps_bounds_to_markers&quot;:false,&quot;fit_maps_bounds_to_markers_after_filtering&quot;:false,&quot;automatically_pan_to_users_location&quot;:false,&quot;override_users_location_zoom_level&quot;:false,&quot;override_users_location_zoom_levels&quot;:&quot;&quot;,&quot;show_distance_from_location&quot;:false,&quot;map_starts_in_streetview&quot;:false,&quot;map_starts_in_streetview_location&quot;:&quot;&quot;,&quot;map_starts_in_streetview_heading&quot;:&quot;&quot;,&quot;map_starts_in_streetview_pitch&quot;:&quot;&quot;,&quot;map_max_zoom&quot;:&quot;21&quot;,&quot;map_min_zoom&quot;:&quot;0&quot;,&quot;hide_point_of_interest&quot;:true,&quot;disable_lightbox_images&quot;:false,&quot;use_Raw_Jpeg_Coordinates&quot;:false,&quot;enable_marker_ratings&quot;:false,&quot;only_load_markers_within_viewport&quot;:false,&quot;id&quot;:1}\" ><\/div>\n\n\n<div style=\"height:46px\" aria-hidden=\"true\" class=\"wp-block-spacer\"><\/div>\n\n\n\n<div class=\"wp-block-columns is-layout-flex wp-container-core-columns-layout-1 wp-block-columns-is-layout-flex\">\n<div class=\"wp-block-column is-layout-flow wp-block-column-is-layout-flow\" style=\"padding-top:0;padding-right:0;padding-bottom:0;padding-left:0\">\n<div class=\"wp-block-cover has-custom-content-position is-position-bottom-left\" style=\"padding-top:var(--wp--preset--spacing--small);padding-right:var(--wp--preset--spacing--x-small);padding-bottom:var(--wp--preset--spacing--small);padding-left:var(--wp--preset--spacing--x-small)\"><span aria-hidden=\"true\" class=\"wp-block-cover__background has-primary-background-color has-background-dim-70 has-background-dim\"><\/span><img loading=\"lazy\" decoding=\"async\" width=\"805\" height=\"925\" data-attachment-id=\"123\" data-permalink=\"https:\/\/rainbow.sejler.nu\/?attachment_id=123\" data-orig-file=\"https:\/\/rainbow.sejler.nu\/wp-content\/uploads\/2024\/04\/20240406_123420-1.jpg\" data-orig-size=\"805,925\" data-comments-opened=\"1\" data-image-meta=\"{&quot;aperture&quot;:&quot;1.8&quot;,&quot;credit&quot;:&quot;&quot;,&quot;camera&quot;:&quot;SM-G780G&quot;,&quot;caption&quot;:&quot;&quot;,&quot;created_timestamp&quot;:&quot;1712406861&quot;,&quot;copyright&quot;:&quot;&quot;,&quot;focal_length&quot;:&quot;5.4&quot;,&quot;iso&quot;:&quot;40&quot;,&quot;shutter_speed&quot;:&quot;0.0005&quot;,&quot;title&quot;:&quot;&quot;,&quot;orientation&quot;:&quot;1&quot;}\" data-image-title=\"20240406_123420-1\" data-image-description=\"\" data-image-caption=\"\" data-medium-file=\"https:\/\/rainbow.sejler.nu\/wp-content\/uploads\/2024\/04\/20240406_123420-1-261x300.jpg\" data-large-file=\"https:\/\/rainbow.sejler.nu\/wp-content\/uploads\/2024\/04\/20240406_123420-1.jpg\" class=\"wp-block-cover__image-background wp-image-123\" alt=\"\" src=\"https:\/\/rainbow.sejler.nu\/wp-content\/uploads\/2024\/04\/20240406_123420-1.jpg\" data-object-fit=\"cover\" srcset=\"https:\/\/rainbow.sejler.nu\/wp-content\/uploads\/2024\/04\/20240406_123420-1.jpg 805w, https:\/\/rainbow.sejler.nu\/wp-content\/uploads\/2024\/04\/20240406_123420-1-261x300.jpg 261w\" sizes=\"(max-width: 805px) 100vw, 805px\" \/><div class=\"wp-block-cover__inner-container is-layout-flow wp-block-cover-is-layout-flow\">\n<p class=\"has-secondary-color has-text-color has-link-color wp-elements-a900673768b317c8d160aae684634511\" style=\"margin-top:0;margin-right:0;margin-bottom:0;margin-left:0\"><a href=\"https:\/\/rainbow.sejler.nu\/?page_id=117\">Om b\u00e5den \u2192<\/a><\/p>\n<\/div><\/div>\n<\/div>\n\n\n\n<div class=\"wp-block-column is-layout-flow wp-block-column-is-layout-flow\" style=\"padding-top:0;padding-right:0;padding-bottom:0;padding-left:0\">\n<div class=\"wp-block-cover has-custom-content-position is-position-bottom-left\" style=\"padding-top:var(--wp--preset--spacing--small);padding-right:var(--wp--preset--spacing--x-small);padding-bottom:var(--wp--preset--spacing--small);padding-left:var(--wp--preset--spacing--x-small)\"><span aria-hidden=\"true\" class=\"wp-block-cover__background has-primary-background-color has-background-dim-70 has-background-dim\"><\/span><img loading=\"lazy\" decoding=\"async\" width=\"186\" height=\"186\" data-attachment-id=\"90\" data-permalink=\"https:\/\/rainbow.sejler.nu\/?attachment_id=90\" data-orig-file=\"https:\/\/rainbow.sejler.nu\/wp-content\/uploads\/2024\/01\/download-1.jpeg\" data-orig-size=\"186,186\" data-comments-opened=\"1\" data-image-meta=\"{&quot;aperture&quot;:&quot;0&quot;,&quot;credit&quot;:&quot;Getty Images\\\/Stocktrek Images&quot;,&quot;camera&quot;:&quot;&quot;,&quot;caption&quot;:&quot;\\&quot;Using a collection of satellite-based observations, scientists and visualizers stitched together months of observations of the land, surface, oceans, sea ice, and clouds into a seamless, true-color mosaic of every square kilometer of our planet Earth.\\&quot;&quot;,&quot;created_timestamp&quot;:&quot;0&quot;,&quot;copyright&quot;:&quot;&quot;,&quot;focal_length&quot;:&quot;0&quot;,&quot;iso&quot;:&quot;0&quot;,&quot;shutter_speed&quot;:&quot;0&quot;,&quot;title&quot;:&quot;&quot;,&quot;orientation&quot;:&quot;0&quot;}\" data-image-title=\"download-1\" data-image-description=\"\" data-image-caption=\"&lt;p&gt;&#8220;Using a collection of satellite-based observations, scientists and visualizers stitched together months of observations of the land, surface, oceans, sea ice, and clouds into a seamless, true-color mosaic of every square kilometer of our planet Earth.&#8221;&lt;\/p&gt;\n\" data-medium-file=\"https:\/\/rainbow.sejler.nu\/wp-content\/uploads\/2024\/01\/download-1.jpeg\" data-large-file=\"https:\/\/rainbow.sejler.nu\/wp-content\/uploads\/2024\/01\/download-1.jpeg\" class=\"wp-block-cover__image-background wp-image-90\" alt=\"\" src=\"https:\/\/rainbow.sejler.nu\/wp-content\/uploads\/2024\/01\/download-1.jpeg\" data-object-fit=\"cover\" srcset=\"https:\/\/rainbow.sejler.nu\/wp-content\/uploads\/2024\/01\/download-1.jpeg 186w, https:\/\/rainbow.sejler.nu\/wp-content\/uploads\/2024\/01\/download-1-150x150.jpeg 150w\" sizes=\"(max-width: 186px) 100vw, 186px\" \/><div class=\"wp-block-cover__inner-container is-layout-flow wp-block-cover-is-layout-flow\">\n<p class=\"has-secondary-color has-text-color has-link-color wp-elements-e86f643d586bcaf776172cbeaa72a299\" style=\"margin-top:0;margin-right:0;margin-bottom:0;margin-left:0\"><a href=\"#\">Hvor skal vi hen \u2192<\/a><\/p>\n<\/div><\/div>\n<\/div>\n\n\n\n<div class=\"wp-block-column is-layout-flow wp-block-column-is-layout-flow\" style=\"padding-top:0;padding-right:0;padding-bottom:0;padding-left:0\">\n<div class=\"wp-block-cover has-custom-content-position is-position-bottom-left\" style=\"padding-top:var(--wp--preset--spacing--small);padding-right:var(--wp--preset--spacing--x-small);padding-bottom:var(--wp--preset--spacing--small);padding-left:var(--wp--preset--spacing--x-small)\"><span aria-hidden=\"true\" class=\"wp-block-cover__background has-primary-background-color has-background-dim-70 has-background-dim\"><\/span><img loading=\"lazy\" decoding=\"async\" width=\"2560\" height=\"1181\" data-attachment-id=\"125\" data-permalink=\"https:\/\/rainbow.sejler.nu\/?attachment_id=125\" data-orig-file=\"https:\/\/rainbow.sejler.nu\/wp-content\/uploads\/2024\/04\/20220721_081329-scaled.jpg\" data-orig-size=\"2560,1181\" data-comments-opened=\"1\" data-image-meta=\"{&quot;aperture&quot;:&quot;1.7&quot;,&quot;credit&quot;:&quot;&quot;,&quot;camera&quot;:&quot;SM-A505FN&quot;,&quot;caption&quot;:&quot;&quot;,&quot;created_timestamp&quot;:&quot;1658391209&quot;,&quot;copyright&quot;:&quot;&quot;,&quot;focal_length&quot;:&quot;3.93&quot;,&quot;iso&quot;:&quot;40&quot;,&quot;shutter_speed&quot;:&quot;0.0004420866489832&quot;,&quot;title&quot;:&quot;&quot;,&quot;orientation&quot;:&quot;1&quot;}\" data-image-title=\"20220721_081329\" data-image-description=\"\" data-image-caption=\"\" data-medium-file=\"https:\/\/rainbow.sejler.nu\/wp-content\/uploads\/2024\/04\/20220721_081329-300x138.jpg\" data-large-file=\"https:\/\/rainbow.sejler.nu\/wp-content\/uploads\/2024\/04\/20220721_081329-1024x472.jpg\" class=\"wp-block-cover__image-background wp-image-125\" alt=\"\" src=\"https:\/\/rainbow.sejler.nu\/wp-content\/uploads\/2024\/04\/20220721_081329-scaled.jpg\" data-object-fit=\"cover\" srcset=\"https:\/\/rainbow.sejler.nu\/wp-content\/uploads\/2024\/04\/20220721_081329-scaled.jpg 2560w, https:\/\/rainbow.sejler.nu\/wp-content\/uploads\/2024\/04\/20220721_081329-300x138.jpg 300w, https:\/\/rainbow.sejler.nu\/wp-content\/uploads\/2024\/04\/20220721_081329-1024x472.jpg 1024w, https:\/\/rainbow.sejler.nu\/wp-content\/uploads\/2024\/04\/20220721_081329-2000x923.jpg 2000w\" sizes=\"(max-width: 2560px) 100vw, 2560px\" \/><div class=\"wp-block-cover__inner-container is-layout-flow wp-block-cover-is-layout-flow\">\n<p class=\"has-secondary-color has-text-color has-link-color wp-elements-802c6e018d032d96f04bf52112b2141d\" style=\"margin-top:0;margin-right:0;margin-bottom:0;margin-left:0\"><a href=\"https:\/\/rainbow.sejler.nu\/?post_type=portfolio_item&amp;p=275\" data-type=\"page\" data-id=\"144\">Se flere fotos \u2192<\/a><\/p>\n<\/div><\/div>\n<\/div>\n<\/div>\n\n\n\n<div style=\"height:103px\" aria-hidden=\"true\" class=\"wp-block-spacer\"><\/div>\n<\/div>\n","protected":false},"excerpt":{"rendered":"","protected":false},"author":1,"featured_media":0,"parent":0,"menu_order":0,"comment_status":"closed","ping_status":"closed","template":"page-templates\/homepage-no-hero.php","meta":{"advanced_seo_description":"","jetpack_seo_html_title":"","jetpack_seo_noindex":false,"episode_type":"","audio_file":"","cover_image":"","cover_image_id":"","duration":"","filesize":"","date_recorded":"","explicit":"","block":"","filesize_raw":"","jetpack_post_was_ever_published":false,"footnotes":""},"jetpack_sharing_enabled":true,"featured_media_urls":[],"_links":{"self":[{"href":"https:\/\/rainbow.sejler.nu\/index.php?rest_route=\/wp\/v2\/pages\/8"}],"collection":[{"href":"https:\/\/rainbow.sejler.nu\/index.php?rest_route=\/wp\/v2\/pages"}],"about":[{"href":"https:\/\/rainbow.sejler.nu\/index.php?rest_route=\/wp\/v2\/types\/page"}],"author":[{"embeddable":true,"href":"https:\/\/rainbow.sejler.nu\/index.php?rest_route=\/wp\/v2\/users\/1"}],"replies":[{"embeddable":true,"href":"https:\/\/rainbow.sejler.nu\/index.php?rest_route=%2Fwp%2Fv2%2Fcomments&post=8"}],"version-history":[{"count":22,"href":"https:\/\/rainbow.sejler.nu\/index.php?rest_route=\/wp\/v2\/pages\/8\/revisions"}],"predecessor-version":[{"id":414,"href":"https:\/\/rainbow.sejler.nu\/index.php?rest_route=\/wp\/v2\/pages\/8\/revisions\/414"}],"wp:attachment":[{"href":"https:\/\/rainbow.sejler.nu\/index.php?rest_route=%2Fwp%2Fv2%2Fmedia&parent=8"}],"curies":[{"name":"wp","href":"https:\/\/api.w.org\/{rel}","templated":true}]}}