{"id":117,"date":"2024-04-08T08:22:00","date_gmt":"2024-04-08T08:22:00","guid":{"rendered":"https:\/\/rainbow.sejler.nu\/?page_id=117"},"modified":"2024-05-01T20:06:45","modified_gmt":"2024-05-01T20:06:45","slug":"om-baden","status":"publish","type":"page","link":"https:\/\/rainbow.sejler.nu\/?page_id=117","title":{"rendered":"Om b\u00e5den"},"content":{"rendered":"\n<p>Rainbow er en Phantom 42 s\u00f8sat i Br\u00f8ndby 1984.<\/p>\n\n\n\n<p>Den blev bygget i Herringl\u00f8se og er derfor en &#8216;Sj\u00e6ll\u00e6nder&#8217;. Der findes lidt billeder fra processen <a href=\"https:\/\/rainbow.sejler.nu\/?page_id=127\" data-type=\"page\" data-id=\"127\">&lt;&lt;her&gt;&gt;<\/a><br><\/p>\n\n\n\n<figure class=\"wp-block-image size-full\"><img loading=\"lazy\" decoding=\"async\" width=\"472\" height=\"531\" data-attachment-id=\"118\" data-permalink=\"https:\/\/rainbow.sejler.nu\/?attachment_id=118\" data-orig-file=\"https:\/\/rainbow.sejler.nu\/wp-content\/uploads\/2024\/04\/Phantom42_tegning.jpg\" data-orig-size=\"472,531\" data-comments-opened=\"1\" data-image-meta=\"{&quot;aperture&quot;:&quot;0&quot;,&quot;credit&quot;:&quot;&quot;,&quot;camera&quot;:&quot;&quot;,&quot;caption&quot;:&quot;&quot;,&quot;created_timestamp&quot;:&quot;0&quot;,&quot;copyright&quot;:&quot;&quot;,&quot;focal_length&quot;:&quot;0&quot;,&quot;iso&quot;:&quot;0&quot;,&quot;shutter_speed&quot;:&quot;0&quot;,&quot;title&quot;:&quot;&quot;,&quot;orientation&quot;:&quot;0&quot;}\" data-image-title=\"Phantom42_tegning\" data-image-description=\"\" data-image-caption=\"\" data-medium-file=\"https:\/\/rainbow.sejler.nu\/wp-content\/uploads\/2024\/04\/Phantom42_tegning-267x300.jpg\" data-large-file=\"https:\/\/rainbow.sejler.nu\/wp-content\/uploads\/2024\/04\/Phantom42_tegning.jpg\" src=\"https:\/\/rainbow.sejler.nu\/wp-content\/uploads\/2024\/04\/Phantom42_tegning.jpg\" alt=\"\" class=\"wp-image-118\" srcset=\"https:\/\/rainbow.sejler.nu\/wp-content\/uploads\/2024\/04\/Phantom42_tegning.jpg 472w, https:\/\/rainbow.sejler.nu\/wp-content\/uploads\/2024\/04\/Phantom42_tegning-267x300.jpg 267w\" sizes=\"(max-width: 472px) 100vw, 472px\" \/><\/figure>\n\n\n\n<p><strong>Phantom 42<\/strong><br>Design: Elvstr\u00f8m\/Kj\u00e6rulff.<br>L\u00e6ngde\/vandlinje\/bredde\/dybgang: 12,8\/10,0\/3,5\/2,35 m<br>V\u00e6gt: 12,5 t<br>Masteh\u00f8jde over vand: 19,5 m<br><\/p>\n\n\n\n<p><a href=\"https:\/\/www.baadmagasinet.dk\/sejlbrugtbadstest\/3530-phantom-42-den-solide-selvbygger-til-jordomsejling\">https:\/\/www.baadmagasinet.dk\/sejlbrugtbadstest\/3530-phantom-42-den-solide-selvbygger-til-jordomsejling<\/a><\/p>\n\n\n\n<figure class=\"wp-block-image size-large is-resized\"><img loading=\"lazy\" decoding=\"async\" width=\"1024\" height=\"551\" data-attachment-id=\"205\" data-permalink=\"https:\/\/rainbow.sejler.nu\/?attachment_id=205\" data-orig-file=\"https:\/\/rainbow.sejler.nu\/wp-content\/uploads\/2024\/05\/20240422_095927-1-scaled.jpg\" data-orig-size=\"2560,1376\" data-comments-opened=\"1\" data-image-meta=\"{&quot;aperture&quot;:&quot;1.8&quot;,&quot;credit&quot;:&quot;&quot;,&quot;camera&quot;:&quot;SM-G780G&quot;,&quot;caption&quot;:&quot;&quot;,&quot;created_timestamp&quot;:&quot;1713779968&quot;,&quot;copyright&quot;:&quot;&quot;,&quot;focal_length&quot;:&quot;5.4&quot;,&quot;iso&quot;:&quot;40&quot;,&quot;shutter_speed&quot;:&quot;0.00049751243781095&quot;,&quot;title&quot;:&quot;&quot;,&quot;orientation&quot;:&quot;0&quot;}\" data-image-title=\"20240422_095927-1\" data-image-description=\"\" data-image-caption=\"\" data-medium-file=\"https:\/\/rainbow.sejler.nu\/wp-content\/uploads\/2024\/05\/20240422_095927-1-300x161.jpg\" data-large-file=\"https:\/\/rainbow.sejler.nu\/wp-content\/uploads\/2024\/05\/20240422_095927-1-1024x551.jpg\" src=\"https:\/\/rainbow.sejler.nu\/wp-content\/uploads\/2024\/05\/20240422_095927-1-1024x551.jpg\" alt=\"\" class=\"wp-image-205\" style=\"width:598px;height:auto\" srcset=\"https:\/\/rainbow.sejler.nu\/wp-content\/uploads\/2024\/05\/20240422_095927-1-1024x551.jpg 1024w, https:\/\/rainbow.sejler.nu\/wp-content\/uploads\/2024\/05\/20240422_095927-1-300x161.jpg 300w, https:\/\/rainbow.sejler.nu\/wp-content\/uploads\/2024\/05\/20240422_095927-1-2000x1075.jpg 2000w\" sizes=\"(max-width: 1024px) 100vw, 1024px\" \/><\/figure>\n","protected":false},"excerpt":{"rendered":"<p>Rainbow er en Phantom 42 s\u00f8sat i Br\u00f8ndby 1984. Den blev bygget i Herringl\u00f8se og er derfor en &#8216;Sj\u00e6ll\u00e6nder&#8217;. Der findes lidt billeder fra processen &lt;&lt;her&gt;&gt; Phantom 42Design: Elvstr\u00f8m\/Kj\u00e6rulff.L\u00e6ngde\/vandlinje\/bredde\/dybgang: 12,8\/10,0\/3,5\/2,35 mV\u00e6gt: 12,5 tMasteh\u00f8jde over vand: 19,5 m https:\/\/www.baadmagasinet.dk\/sejlbrugtbadstest\/3530-phantom-42-den-solide-selvbygger-til-jordomsejling<\/p>\n","protected":false},"author":2,"featured_media":0,"parent":0,"menu_order":0,"comment_status":"closed","ping_status":"closed","template":"","meta":{"advanced_seo_description":"","jetpack_seo_html_title":"","jetpack_seo_noindex":false,"episode_type":"","audio_file":"","cover_image":"","cover_image_id":"","duration":"","filesize":"","date_recorded":"","explicit":"","block":"","filesize_raw":"","jetpack_post_was_ever_published":false,"footnotes":""},"jetpack_sharing_enabled":true,"featured_media_urls":[],"_links":{"self":[{"href":"https:\/\/rainbow.sejler.nu\/index.php?rest_route=\/wp\/v2\/pages\/117"}],"collection":[{"href":"https:\/\/rainbow.sejler.nu\/index.php?rest_route=\/wp\/v2\/pages"}],"about":[{"href":"https:\/\/rainbow.sejler.nu\/index.php?rest_route=\/wp\/v2\/types\/page"}],"author":[{"embeddable":true,"href":"https:\/\/rainbow.sejler.nu\/index.php?rest_route=\/wp\/v2\/users\/2"}],"replies":[{"embeddable":true,"href":"https:\/\/rainbow.sejler.nu\/index.php?rest_route=%2Fwp%2Fv2%2Fcomments&post=117"}],"version-history":[{"count":5,"href":"https:\/\/rainbow.sejler.nu\/index.php?rest_route=\/wp\/v2\/pages\/117\/revisions"}],"predecessor-version":[{"id":206,"href":"https:\/\/rainbow.sejler.nu\/index.php?rest_route=\/wp\/v2\/pages\/117\/revisions\/206"}],"wp:attachment":[{"href":"https:\/\/rainbow.sejler.nu\/index.php?rest_route=%2Fwp%2Fv2%2Fmedia&parent=117"}],"curies":[{"name":"wp","href":"https:\/\/api.w.org\/{rel}","templated":true}]}}